{"id":1045,"date":"2024-04-15T20:46:44","date_gmt":"2024-04-15T20:46:44","guid":{"rendered":"https:\/\/fossencamping.no\/?page_id=1045"},"modified":"2024-04-24T09:02:51","modified_gmt":"2024-04-24T09:02:51","slug":"about-geiranger","status":"publish","type":"page","link":"https:\/\/fossencamping.no\/nb\/about-geiranger\/","title":{"rendered":"Om Geiranger"},"content":{"rendered":"<div data-elementor-type=\"wp-page\" data-elementor-id=\"1045\" class=\"elementor elementor-1045\">\n\t\t\t\t<div class=\"elementor-element elementor-element-1f2e3f5 e-con-full e-flex e-con e-parent\" data-id=\"1f2e3f5\" data-element_type=\"container\" data-e-type=\"container\" data-settings=\"{&quot;background_background&quot;:&quot;classic&quot;}\">\n\t\t\t\t<div class=\"elementor-element elementor-element-0791f88 elementor-widget-divider--view-line elementor-widget elementor-widget-divider\" data-id=\"0791f88\" data-element_type=\"widget\" data-e-type=\"widget\" data-widget_type=\"divider.default\">\n\t\t\t\t<div class=\"elementor-widget-container\">\n\t\t\t\t\t\t\t<div class=\"elementor-divider\">\n\t\t\t<span class=\"elementor-divider-separator\">\n\t\t\t\t\t\t<\/span>\n\t\t<\/div>\n\t\t\t\t\t\t<\/div>\n\t\t\t\t<\/div>\n\t\t\t\t<div class=\"elementor-element elementor-element-88021cc elementor-widget elementor-widget-heading\" data-id=\"88021cc\" data-element_type=\"widget\" data-e-type=\"widget\" data-widget_type=\"heading.default\">\n\t\t\t\t<div class=\"elementor-widget-container\">\n\t\t\t\t\t<h2 class=\"elementor-heading-title elementor-size-default\">Geiranger<\/h2>\t\t\t\t<\/div>\n\t\t\t\t<\/div>\n\t\t\t\t<\/div>\n\t\t<div class=\"elementor-element elementor-element-3307eb5 e-flex e-con-boxed e-con e-parent\" data-id=\"3307eb5\" data-element_type=\"container\" data-e-type=\"container\">\n\t\t\t\t\t<div class=\"e-con-inner\">\n\t\t<div class=\"elementor-element elementor-element-904f128 e-con-full e-flex e-con e-child\" data-id=\"904f128\" data-element_type=\"container\" data-e-type=\"container\">\n\t\t\t\t<div class=\"elementor-element elementor-element-73f065e elementor-widget elementor-widget-image\" data-id=\"73f065e\" data-element_type=\"widget\" data-e-type=\"widget\" data-widget_type=\"image.default\">\n\t\t\t\t<div class=\"elementor-widget-container\">\n\t\t\t\t\t\t\t\t\t\t\t\t\t\t\t<img fetchpriority=\"high\" decoding=\"async\" width=\"1024\" height=\"683\" src=\"https:\/\/fossencamping.no\/wp-content\/uploads\/2024\/04\/hotel_union_geiranger_sommer_tonemolnes_2018_TMO8828_red-1024x683.jpg\" class=\"attachment-large size-large wp-image-839\" alt=\"\" srcset=\"https:\/\/fossencamping.no\/wp-content\/uploads\/2024\/04\/hotel_union_geiranger_sommer_tonemolnes_2018_TMO8828_red-1024x683.jpg 1024w, https:\/\/fossencamping.no\/wp-content\/uploads\/2024\/04\/hotel_union_geiranger_sommer_tonemolnes_2018_TMO8828_red-300x200.jpg 300w, https:\/\/fossencamping.no\/wp-content\/uploads\/2024\/04\/hotel_union_geiranger_sommer_tonemolnes_2018_TMO8828_red-768x512.jpg 768w, https:\/\/fossencamping.no\/wp-content\/uploads\/2024\/04\/hotel_union_geiranger_sommer_tonemolnes_2018_TMO8828_red-1536x1024.jpg 1536w, https:\/\/fossencamping.no\/wp-content\/uploads\/2024\/04\/hotel_union_geiranger_sommer_tonemolnes_2018_TMO8828_red-2048x1365.jpg 2048w\" sizes=\"(max-width: 1024px) 100vw, 1024px\" \/>\t\t\t\t\t\t\t\t\t\t\t\t\t\t\t<\/div>\n\t\t\t\t<\/div>\n\t\t\t\t<\/div>\n\t\t<div class=\"elementor-element elementor-element-c691a39 e-con-full e-flex e-con e-child\" data-id=\"c691a39\" data-element_type=\"container\" data-e-type=\"container\">\n\t\t\t\t<div class=\"elementor-element elementor-element-c91f7de elementor-widget elementor-widget-heading\" data-id=\"c91f7de\" data-element_type=\"widget\" data-e-type=\"widget\" data-widget_type=\"heading.default\">\n\t\t\t\t<div class=\"elementor-widget-container\">\n\t\t\t\t\t<h2 class=\"elementor-heading-title elementor-size-default\">Geirangerfjorden<\/h2>\t\t\t\t<\/div>\n\t\t\t\t<\/div>\n\t\t\t\t<div class=\"elementor-element elementor-element-8772d8a elementor-widget elementor-widget-text-editor\" data-id=\"8772d8a\" data-element_type=\"widget\" data-e-type=\"widget\" data-widget_type=\"text-editor.default\">\n\t\t\t\t<div class=\"elementor-widget-container\">\n\t\t\t\t\t\t\t\t\t<p>Ein sightseeingtur p\u00e5 fjorden er definitivt eit \"must\" n\u00e5r du bes\u00f8ker Geiranger! I sommarm\u00e5nadane er det mange alternativ n\u00e5r du utforskar fjorden - med kajakk, RIB-b\u00e5t, ferge eller sightseeingb\u00e5t. Les meir om alternativa og bestill turen din nedanfor.\u00a0<\/p>\t\t\t\t\t\t\t\t<\/div>\n\t\t\t\t<\/div>\n\t\t\t\t<div class=\"elementor-element elementor-element-7c8ee5d elementor-align-center elementor-widget elementor-widget-button\" data-id=\"7c8ee5d\" data-element_type=\"widget\" data-e-type=\"widget\" data-widget_type=\"button.default\">\n\t\t\t\t<div class=\"elementor-widget-container\">\n\t\t\t\t\t\t\t\t\t<div class=\"elementor-button-wrapper\">\n\t\t\t\t\t<a class=\"elementor-button elementor-button-link elementor-size-sm\" href=\"https:\/\/www.visitgeiranger.com\/fjordsightseeing-bat\">\n\t\t\t\t\t\t<span class=\"elementor-button-content-wrapper\">\n\t\t\t\t\t\t\t\t\t<span class=\"elementor-button-text\">Meir info<\/span>\n\t\t\t\t\t<\/span>\n\t\t\t\t\t<\/a>\n\t\t\t\t<\/div>\n\t\t\t\t\t\t\t\t<\/div>\n\t\t\t\t<\/div>\n\t\t\t\t<\/div>\n\t\t\t\t\t<\/div>\n\t\t\t\t<\/div>\n\t\t<div class=\"elementor-element elementor-element-5750d1a e-flex e-con-boxed e-con e-parent\" data-id=\"5750d1a\" data-element_type=\"container\" data-e-type=\"container\">\n\t\t\t\t\t<div class=\"e-con-inner\">\n\t\t<div class=\"elementor-element elementor-element-7413d31 e-con-full e-flex e-con e-child\" data-id=\"7413d31\" data-element_type=\"container\" data-e-type=\"container\">\n\t\t\t\t<div class=\"elementor-element elementor-element-fd42bca elementor-widget elementor-widget-heading\" data-id=\"fd42bca\" data-element_type=\"widget\" data-e-type=\"widget\" data-widget_type=\"heading.default\">\n\t\t\t\t<div class=\"elementor-widget-container\">\n\t\t\t\t\t<h2 class=\"elementor-heading-title elementor-size-default\">Explore Geiranger<\/h2>\t\t\t\t<\/div>\n\t\t\t\t<\/div>\n\t\t<div class=\"elementor-element elementor-element-1956eba e-con-full e-flex e-con e-child\" data-id=\"1956eba\" data-element_type=\"container\" data-e-type=\"container\">\n\t\t\t\t<div class=\"elementor-element elementor-element-1447027 elementor-widget elementor-widget-text-editor\" data-id=\"1447027\" data-element_type=\"widget\" data-e-type=\"widget\" data-widget_type=\"text-editor.default\">\n\t\t\t\t<div class=\"elementor-widget-container\">\n\t\t\t\t\t\t\t\t\t<p>Explore Geiranger tilbyr adrenalinfylte aktivitetar og opplevingar. Klatre langs Geirangerelva og fly over fossefall med zip line. Dei tilbyr og rappellering med spektakul\u00e6r utsikt over Geiranger. Meir informasjon og booking av aktivitetar nedanfor.<\/p>\t\t\t\t\t\t\t\t<\/div>\n\t\t\t\t<\/div>\n\t\t\t\t<div class=\"elementor-element elementor-element-481233a elementor-align-center elementor-widget elementor-widget-button\" data-id=\"481233a\" data-element_type=\"widget\" data-e-type=\"widget\" data-widget_type=\"button.default\">\n\t\t\t\t<div class=\"elementor-widget-container\">\n\t\t\t\t\t\t\t\t\t<div class=\"elementor-button-wrapper\">\n\t\t\t\t\t<a class=\"elementor-button elementor-button-link elementor-size-sm\" href=\"https:\/\/exploregeiranger.no\">\n\t\t\t\t\t\t<span class=\"elementor-button-content-wrapper\">\n\t\t\t\t\t\t\t\t\t<span class=\"elementor-button-text\">Meir info<\/span>\n\t\t\t\t\t<\/span>\n\t\t\t\t\t<\/a>\n\t\t\t\t<\/div>\n\t\t\t\t\t\t\t\t<\/div>\n\t\t\t\t<\/div>\n\t\t\t\t<\/div>\n\t\t\t\t<\/div>\n\t\t<div class=\"elementor-element elementor-element-02922b2 e-con-full e-flex e-con e-child\" data-id=\"02922b2\" data-element_type=\"container\" data-e-type=\"container\">\n\t\t\t\t<div class=\"elementor-element elementor-element-bd595a0 elementor-widget elementor-widget-image\" data-id=\"bd595a0\" data-element_type=\"widget\" data-e-type=\"widget\" data-widget_type=\"image.default\">\n\t\t\t\t<div class=\"elementor-widget-container\">\n\t\t\t\t\t\t\t\t\t\t\t\t\t\t\t<img decoding=\"async\" width=\"1024\" height=\"682\" src=\"https:\/\/fossencamping.no\/wp-content\/uploads\/2024\/04\/DJI_0250_red-1024x682.jpg\" class=\"attachment-large size-large wp-image-833\" alt=\"\" srcset=\"https:\/\/fossencamping.no\/wp-content\/uploads\/2024\/04\/DJI_0250_red-1024x682.jpg 1024w, https:\/\/fossencamping.no\/wp-content\/uploads\/2024\/04\/DJI_0250_red-300x200.jpg 300w, https:\/\/fossencamping.no\/wp-content\/uploads\/2024\/04\/DJI_0250_red-768x511.jpg 768w, https:\/\/fossencamping.no\/wp-content\/uploads\/2024\/04\/DJI_0250_red-1536x1023.jpg 1536w, https:\/\/fossencamping.no\/wp-content\/uploads\/2024\/04\/DJI_0250_red-2048x1364.jpg 2048w\" sizes=\"(max-width: 1024px) 100vw, 1024px\" \/>\t\t\t\t\t\t\t\t\t\t\t\t\t\t\t<\/div>\n\t\t\t\t<\/div>\n\t\t\t\t<\/div>\n\t\t\t\t\t<\/div>\n\t\t\t\t<\/div>\n\t\t<div class=\"elementor-element elementor-element-a837709 e-flex e-con-boxed e-con e-parent\" data-id=\"a837709\" data-element_type=\"container\" data-e-type=\"container\">\n\t\t\t\t\t<div class=\"e-con-inner\">\n\t\t<div class=\"elementor-element elementor-element-375b607 e-con-full e-flex e-con e-child\" data-id=\"375b607\" data-element_type=\"container\" data-e-type=\"container\">\n\t\t\t\t<div class=\"elementor-element elementor-element-c73e20d elementor-widget elementor-widget-image\" data-id=\"c73e20d\" data-element_type=\"widget\" data-e-type=\"widget\" data-widget_type=\"image.default\">\n\t\t\t\t<div class=\"elementor-widget-container\">\n\t\t\t\t\t\t\t\t\t\t\t\t\t\t\t<img decoding=\"async\" width=\"1024\" height=\"682\" src=\"https:\/\/fossencamping.no\/wp-content\/uploads\/2024\/04\/Viewpoints-1024x682.jpg\" class=\"attachment-large size-large wp-image-1239\" alt=\"\" srcset=\"https:\/\/fossencamping.no\/wp-content\/uploads\/2024\/04\/Viewpoints-1024x682.jpg 1024w, https:\/\/fossencamping.no\/wp-content\/uploads\/2024\/04\/Viewpoints-300x200.jpg 300w, https:\/\/fossencamping.no\/wp-content\/uploads\/2024\/04\/Viewpoints-768x512.jpg 768w, https:\/\/fossencamping.no\/wp-content\/uploads\/2024\/04\/Viewpoints-1536x1024.jpg 1536w, https:\/\/fossencamping.no\/wp-content\/uploads\/2024\/04\/Viewpoints.jpg 2000w\" sizes=\"(max-width: 1024px) 100vw, 1024px\" \/>\t\t\t\t\t\t\t\t\t\t\t\t\t\t\t<\/div>\n\t\t\t\t<\/div>\n\t\t\t\t<\/div>\n\t\t<div class=\"elementor-element elementor-element-d522115 e-con-full e-flex e-con e-child\" data-id=\"d522115\" data-element_type=\"container\" data-e-type=\"container\">\n\t\t<div class=\"elementor-element elementor-element-f446fbb e-con-full e-flex e-con e-child\" data-id=\"f446fbb\" data-element_type=\"container\" data-e-type=\"container\">\n\t\t<div class=\"elementor-element elementor-element-1034b06 e-con-full e-flex e-con e-child\" data-id=\"1034b06\" data-element_type=\"container\" data-e-type=\"container\">\n\t\t\t\t<div class=\"elementor-element elementor-element-ff658f8 elementor-widget elementor-widget-heading\" data-id=\"ff658f8\" data-element_type=\"widget\" data-e-type=\"widget\" data-widget_type=\"heading.default\">\n\t\t\t\t<div class=\"elementor-widget-container\">\n\t\t\t\t\t<h2 class=\"elementor-heading-title elementor-size-default\">Geiranger Skywalk Dalsnibba<\/h2>\t\t\t\t<\/div>\n\t\t\t\t<\/div>\n\t\t\t\t<div class=\"elementor-element elementor-element-b83fb9f elementor-widget elementor-widget-text-editor\" data-id=\"b83fb9f\" data-element_type=\"widget\" data-e-type=\"widget\" data-widget_type=\"text-editor.default\">\n\t\t\t\t<div class=\"elementor-widget-container\">\n\t\t\t\t\t\t\t\t\t<p>Opplev dei fantastiske utsikta over Geiranger 1500 meter over havet! Du kan k\u00f8yre heile vegen til toppen av fjellet. P\u00e5 toppen finn du ein butikk og kaf\u00e9. Vegen er vanlegvis open fr\u00e5 seint i mai\/tidleg i juni til seint i september\/tidleg i oktober. For prisar og opningstider, sjekk lenka nedanfor.\u00a0<\/p>\t\t\t\t\t\t\t\t<\/div>\n\t\t\t\t<\/div>\n\t\t\t\t<div class=\"elementor-element elementor-element-781bc09 elementor-align-center elementor-widget elementor-widget-button\" data-id=\"781bc09\" data-element_type=\"widget\" data-e-type=\"widget\" data-widget_type=\"button.default\">\n\t\t\t\t<div class=\"elementor-widget-container\">\n\t\t\t\t\t\t\t\t\t<div class=\"elementor-button-wrapper\">\n\t\t\t\t\t<a class=\"elementor-button elementor-button-link elementor-size-sm\" href=\"https:\/\/dalsnibba.no\/\">\n\t\t\t\t\t\t<span class=\"elementor-button-content-wrapper\">\n\t\t\t\t\t\t\t\t\t<span class=\"elementor-button-text\">Meir info<\/span>\n\t\t\t\t\t<\/span>\n\t\t\t\t\t<\/a>\n\t\t\t\t<\/div>\n\t\t\t\t\t\t\t\t<\/div>\n\t\t\t\t<\/div>\n\t\t\t\t<\/div>\n\t\t\t\t<\/div>\n\t\t\t\t<\/div>\n\t\t\t\t\t<\/div>\n\t\t\t\t<\/div>\n\t\t<div class=\"elementor-element elementor-element-664be88 e-flex e-con-boxed e-con e-parent\" data-id=\"664be88\" data-element_type=\"container\" data-e-type=\"container\">\n\t\t\t\t\t<div class=\"e-con-inner\">\n\t\t<div class=\"elementor-element elementor-element-aaed28c e-con-full e-flex e-con e-child\" data-id=\"aaed28c\" data-element_type=\"container\" data-e-type=\"container\">\n\t\t<div class=\"elementor-element elementor-element-ea90454 e-con-full e-flex e-con e-child\" data-id=\"ea90454\" data-element_type=\"container\" data-e-type=\"container\">\n\t\t<div class=\"elementor-element elementor-element-b285840 e-con-full e-flex e-con e-child\" data-id=\"b285840\" data-element_type=\"container\" data-e-type=\"container\">\n\t\t<div class=\"elementor-element elementor-element-8bb9f98 e-con-full e-flex e-con e-child\" data-id=\"8bb9f98\" data-element_type=\"container\" data-e-type=\"container\">\n\t\t\t\t<div class=\"elementor-element elementor-element-50a66e7 elementor-widget elementor-widget-heading\" data-id=\"50a66e7\" data-element_type=\"widget\" data-e-type=\"widget\" data-widget_type=\"heading.default\">\n\t\t\t\t<div class=\"elementor-widget-container\">\n\t\t\t\t\t<h2 class=\"elementor-heading-title elementor-size-default\">Fjellturer<\/h2>\t\t\t\t<\/div>\n\t\t\t\t<\/div>\n\t\t\t\t<div class=\"elementor-element elementor-element-7ff60d6 elementor-widget elementor-widget-text-editor\" data-id=\"7ff60d6\" data-element_type=\"widget\" data-e-type=\"widget\" data-widget_type=\"text-editor.default\">\n\t\t\t\t<div class=\"elementor-widget-container\">\n\t\t\t\t\t\t\t\t\t<p>Geiranger har mange vakre turar \u00e5 by p\u00e5! G\u00e5 opp til gamle fjellgardar langs fjorden eller til toppen av eitt av fjella rundt Geiranger. Uansett kvar du g\u00e5r er utsikta spektakul\u00e6r! I lenka nedanfor vil du finne nokre tips til flotte turar.<\/p>\t\t\t\t\t\t\t\t<\/div>\n\t\t\t\t<\/div>\n\t\t\t\t<div class=\"elementor-element elementor-element-f4269c8 elementor-align-center elementor-widget elementor-widget-button\" data-id=\"f4269c8\" data-element_type=\"widget\" data-e-type=\"widget\" data-widget_type=\"button.default\">\n\t\t\t\t<div class=\"elementor-widget-container\">\n\t\t\t\t\t\t\t\t\t<div class=\"elementor-button-wrapper\">\n\t\t\t\t\t<a class=\"elementor-button elementor-button-link elementor-size-sm\" href=\"https:\/\/www.hotelunion.no\/artiklar\/7-fjellturar-du-kan-ga-fra-hotel-union-geiranger\/\">\n\t\t\t\t\t\t<span class=\"elementor-button-content-wrapper\">\n\t\t\t\t\t\t\t\t\t<span class=\"elementor-button-text\">Meir info<\/span>\n\t\t\t\t\t<\/span>\n\t\t\t\t\t<\/a>\n\t\t\t\t<\/div>\n\t\t\t\t\t\t\t\t<\/div>\n\t\t\t\t<\/div>\n\t\t\t\t<\/div>\n\t\t\t\t<\/div>\n\t\t\t\t<\/div>\n\t\t\t\t<\/div>\n\t\t<div class=\"elementor-element elementor-element-8617859 e-con-full e-flex e-con e-child\" data-id=\"8617859\" data-element_type=\"container\" data-e-type=\"container\">\n\t\t\t\t<div class=\"elementor-element elementor-element-93ee3d1 elementor-widget elementor-widget-image\" data-id=\"93ee3d1\" data-element_type=\"widget\" data-e-type=\"widget\" data-widget_type=\"image.default\">\n\t\t\t\t<div class=\"elementor-widget-container\">\n\t\t\t\t\t\t\t\t\t\t\t\t\t\t\t<img loading=\"lazy\" decoding=\"async\" width=\"960\" height=\"640\" src=\"https:\/\/fossencamping.no\/wp-content\/uploads\/2024\/04\/hotel_union_geiranger_sommer_tonemolnes_2018_TMO9495_red.jpg\" class=\"attachment-large size-large wp-image-840\" alt=\"\" srcset=\"https:\/\/fossencamping.no\/wp-content\/uploads\/2024\/04\/hotel_union_geiranger_sommer_tonemolnes_2018_TMO9495_red.jpg 960w, https:\/\/fossencamping.no\/wp-content\/uploads\/2024\/04\/hotel_union_geiranger_sommer_tonemolnes_2018_TMO9495_red-300x200.jpg 300w, https:\/\/fossencamping.no\/wp-content\/uploads\/2024\/04\/hotel_union_geiranger_sommer_tonemolnes_2018_TMO9495_red-768x512.jpg 768w\" sizes=\"(max-width: 960px) 100vw, 960px\" \/>\t\t\t\t\t\t\t\t\t\t\t\t\t\t\t<\/div>\n\t\t\t\t<\/div>\n\t\t\t\t<\/div>\n\t\t\t\t\t<\/div>\n\t\t\t\t<\/div>\n\t\t<div class=\"elementor-element elementor-element-ea7c2cb e-flex e-con-boxed e-con e-parent\" data-id=\"ea7c2cb\" data-element_type=\"container\" data-e-type=\"container\">\n\t\t\t\t\t<div class=\"e-con-inner\">\n\t\t<div class=\"elementor-element elementor-element-cad0ed2 e-con-full e-flex e-con e-child\" data-id=\"cad0ed2\" data-element_type=\"container\" data-e-type=\"container\">\n\t\t\t\t<div class=\"elementor-element elementor-element-bcba79c elementor-widget elementor-widget-image\" data-id=\"bcba79c\" data-element_type=\"widget\" data-e-type=\"widget\" data-widget_type=\"image.default\">\n\t\t\t\t<div class=\"elementor-widget-container\">\n\t\t\t\t\t\t\t\t\t\t\t\t\t\t\t<img loading=\"lazy\" decoding=\"async\" width=\"1024\" height=\"683\" src=\"https:\/\/fossencamping.no\/wp-content\/uploads\/2024\/04\/hotel_union_geiranger_hst_tonemolnes_2018_TMO5266-1024x683.jpeg\" class=\"attachment-large size-large wp-image-1924\" alt=\"\" srcset=\"https:\/\/fossencamping.no\/wp-content\/uploads\/2024\/04\/hotel_union_geiranger_hst_tonemolnes_2018_TMO5266-1024x683.jpeg 1024w, https:\/\/fossencamping.no\/wp-content\/uploads\/2024\/04\/hotel_union_geiranger_hst_tonemolnes_2018_TMO5266-300x200.jpeg 300w, https:\/\/fossencamping.no\/wp-content\/uploads\/2024\/04\/hotel_union_geiranger_hst_tonemolnes_2018_TMO5266-768x512.jpeg 768w, https:\/\/fossencamping.no\/wp-content\/uploads\/2024\/04\/hotel_union_geiranger_hst_tonemolnes_2018_TMO5266-1536x1024.jpeg 1536w, https:\/\/fossencamping.no\/wp-content\/uploads\/2024\/04\/hotel_union_geiranger_hst_tonemolnes_2018_TMO5266-18x12.jpeg 18w, https:\/\/fossencamping.no\/wp-content\/uploads\/2024\/04\/hotel_union_geiranger_hst_tonemolnes_2018_TMO5266.jpeg 1981w\" sizes=\"(max-width: 1024px) 100vw, 1024px\" \/>\t\t\t\t\t\t\t\t\t\t\t\t\t\t\t<\/div>\n\t\t\t\t<\/div>\n\t\t\t\t<\/div>\n\t\t<div class=\"elementor-element elementor-element-6be1710 e-con-full e-flex e-con e-child\" data-id=\"6be1710\" data-element_type=\"container\" data-e-type=\"container\">\n\t\t<div class=\"elementor-element elementor-element-f68f9d4 e-con-full e-flex e-con e-child\" data-id=\"f68f9d4\" data-element_type=\"container\" data-e-type=\"container\">\n\t\t<div class=\"elementor-element elementor-element-417c9bd e-con-full e-flex e-con e-child\" data-id=\"417c9bd\" data-element_type=\"container\" data-e-type=\"container\">\n\t\t<div class=\"elementor-element elementor-element-1f0b146 e-con-full e-flex e-con e-child\" data-id=\"1f0b146\" data-element_type=\"container\" data-e-type=\"container\">\n\t\t<div class=\"elementor-element elementor-element-3fa85e3 e-con-full e-flex e-con e-child\" data-id=\"3fa85e3\" data-element_type=\"container\" data-e-type=\"container\">\n\t\t\t\t<div class=\"elementor-element elementor-element-d38d9b5 elementor-widget elementor-widget-heading\" data-id=\"d38d9b5\" data-element_type=\"widget\" data-e-type=\"widget\" data-widget_type=\"heading.default\">\n\t\t\t\t<div class=\"elementor-widget-container\">\n\t\t\t\t\t<h2 class=\"elementor-heading-title elementor-size-default\">Union Bad &amp; Spa<\/h2>\t\t\t\t<\/div>\n\t\t\t\t<\/div>\n\t\t\t\t<div class=\"elementor-element elementor-element-87329f5 elementor-widget elementor-widget-text-editor\" data-id=\"87329f5\" data-element_type=\"widget\" data-e-type=\"widget\" data-widget_type=\"text-editor.default\">\n\t\t\t\t<div class=\"elementor-widget-container\">\n\t\t\t\t\t\t\t\t\t<p style=\"font-weight: 400;\">Med imponerande 1500 m2<sup>2<\/sup> med velv\u00e6re kombinert med vakker utsikt over Geirangerfjorden, er Union Bad &amp; Spa ein av Noregs beste spa. Unn deg litt velv\u00e6re i v\u00e5rt nydelege spa for \u00e5 slappe av og f\u00e5 ny energi. Spaet er open for dagbes\u00f8k. Klikk p\u00e5 lenka nedanfor for meir informasjon.<\/p>\t\t\t\t\t\t\t\t<\/div>\n\t\t\t\t<\/div>\n\t\t\t\t<div class=\"elementor-element elementor-element-64aec24 elementor-align-center elementor-widget elementor-widget-button\" data-id=\"64aec24\" data-element_type=\"widget\" data-e-type=\"widget\" data-widget_type=\"button.default\">\n\t\t\t\t<div class=\"elementor-widget-container\">\n\t\t\t\t\t\t\t\t\t<div class=\"elementor-button-wrapper\">\n\t\t\t\t\t<a class=\"elementor-button elementor-button-link elementor-size-sm\" href=\"https:\/\/www.hotelunion.no\/spa\/\">\n\t\t\t\t\t\t<span class=\"elementor-button-content-wrapper\">\n\t\t\t\t\t\t\t\t\t<span class=\"elementor-button-text\">Meir info<\/span>\n\t\t\t\t\t<\/span>\n\t\t\t\t\t<\/a>\n\t\t\t\t<\/div>\n\t\t\t\t\t\t\t\t<\/div>\n\t\t\t\t<\/div>\n\t\t\t\t<\/div>\n\t\t\t\t<\/div>\n\t\t\t\t<\/div>\n\t\t\t\t<\/div>\n\t\t\t\t<\/div>\n\t\t\t\t\t<\/div>\n\t\t\t\t<\/div>\n\t\t\t\t<\/div>","protected":false},"excerpt":{"rendered":"<p>Geiranger The Geirangerfjord A sightseeing tour on the fjord is definitely a must when visiting Geiranger! During the summer months there are many options when exploring the fjord &#8211; by kayak, RIB boat, ferry or sightseeing boat. Read more about the options and book your trip below.\u00a0 More info Explore Geiranger Explore Geiranger offers adrenaline-filled [&hellip;]<\/p>","protected":false},"author":1,"featured_media":0,"parent":0,"menu_order":0,"comment_status":"closed","ping_status":"closed","template":"elementor_header_footer","meta":{"ocean_post_layout":"","ocean_both_sidebars_style":"","ocean_both_sidebars_content_width":0,"ocean_both_sidebars_sidebars_width":0,"ocean_sidebar":"0","ocean_second_sidebar":"0","ocean_disable_margins":"enable","ocean_add_body_class":"","ocean_shortcode_before_top_bar":"","ocean_shortcode_after_top_bar":"","ocean_shortcode_before_header":"","ocean_shortcode_after_header":"","ocean_has_shortcode":"","ocean_shortcode_after_title":"","ocean_shortcode_before_footer_widgets":"","ocean_shortcode_after_footer_widgets":"","ocean_shortcode_before_footer_bottom":"","ocean_shortcode_after_footer_bottom":"","ocean_display_top_bar":"default","ocean_display_header":"default","ocean_header_style":"full_screen","ocean_center_header_left_menu":"0","ocean_custom_header_template":"0","ocean_custom_logo":0,"ocean_custom_retina_logo":0,"ocean_custom_logo_max_width":0,"ocean_custom_logo_tablet_max_width":0,"ocean_custom_logo_mobile_max_width":0,"ocean_custom_logo_max_height":0,"ocean_custom_logo_tablet_max_height":0,"ocean_custom_logo_mobile_max_height":0,"ocean_header_custom_menu":"0","ocean_menu_typo_font_family":"0","ocean_menu_typo_font_subset":"","ocean_menu_typo_font_size":0,"ocean_menu_typo_font_size_tablet":0,"ocean_menu_typo_font_size_mobile":0,"ocean_menu_typo_font_size_unit":"px","ocean_menu_typo_font_weight":"","ocean_menu_typo_font_weight_tablet":"","ocean_menu_typo_font_weight_mobile":"","ocean_menu_typo_transform":"","ocean_menu_typo_transform_tablet":"","ocean_menu_typo_transform_mobile":"","ocean_menu_typo_line_height":0,"ocean_menu_typo_line_height_tablet":0,"ocean_menu_typo_line_height_mobile":0,"ocean_menu_typo_line_height_unit":"","ocean_menu_typo_spacing":0,"ocean_menu_typo_spacing_tablet":0,"ocean_menu_typo_spacing_mobile":0,"ocean_menu_typo_spacing_unit":"","ocean_menu_link_color":"","ocean_menu_link_color_hover":"","ocean_menu_link_color_active":"","ocean_menu_link_background":"","ocean_menu_link_hover_background":"","ocean_menu_link_active_background":"","ocean_menu_social_links_bg":"","ocean_menu_social_hover_links_bg":"","ocean_menu_social_links_color":"","ocean_menu_social_hover_links_color":"","ocean_disable_title":"on","ocean_disable_heading":"default","ocean_post_title":"","ocean_post_subheading":"","ocean_post_title_style":"","ocean_post_title_background_color":"","ocean_post_title_background":0,"ocean_post_title_bg_image_position":"","ocean_post_title_bg_image_attachment":"","ocean_post_title_bg_image_repeat":"","ocean_post_title_bg_image_size":"","ocean_post_title_height":0,"ocean_post_title_bg_overlay":0.5,"ocean_post_title_bg_overlay_color":"","ocean_disable_breadcrumbs":"default","ocean_breadcrumbs_color":"","ocean_breadcrumbs_separator_color":"","ocean_breadcrumbs_links_color":"","ocean_breadcrumbs_links_hover_color":"","ocean_display_footer_widgets":"default","ocean_display_footer_bottom":"default","ocean_custom_footer_template":"0","footnotes":""},"class_list":["post-1045","page","type-page","status-publish","hentry","entry"],"_links":{"self":[{"href":"https:\/\/fossencamping.no\/nb\/wp-json\/wp\/v2\/pages\/1045","targetHints":{"allow":["GET"]}}],"collection":[{"href":"https:\/\/fossencamping.no\/nb\/wp-json\/wp\/v2\/pages"}],"about":[{"href":"https:\/\/fossencamping.no\/nb\/wp-json\/wp\/v2\/types\/page"}],"author":[{"embeddable":true,"href":"https:\/\/fossencamping.no\/nb\/wp-json\/wp\/v2\/users\/1"}],"replies":[{"embeddable":true,"href":"https:\/\/fossencamping.no\/nb\/wp-json\/wp\/v2\/comments?post=1045"}],"version-history":[{"count":97,"href":"https:\/\/fossencamping.no\/nb\/wp-json\/wp\/v2\/pages\/1045\/revisions"}],"predecessor-version":[{"id":2088,"href":"https:\/\/fossencamping.no\/nb\/wp-json\/wp\/v2\/pages\/1045\/revisions\/2088"}],"wp:attachment":[{"href":"https:\/\/fossencamping.no\/nb\/wp-json\/wp\/v2\/media?parent=1045"}],"curies":[{"name":"wp","href":"https:\/\/api.w.org\/{rel}","templated":true}]}}