{"id":1794,"date":"2024-04-23T09:43:30","date_gmt":"2024-04-23T09:43:30","guid":{"rendered":"https:\/\/fossencamping.no\/?page_id=1794"},"modified":"2024-04-24T10:13:27","modified_gmt":"2024-04-24T10:13:27","slug":"privacy-policy-2","status":"publish","type":"page","link":"https:\/\/fossencamping.no\/nb\/privacy-policy-2\/","title":{"rendered":"Personvern"},"content":{"rendered":"<div data-elementor-type=\"wp-page\" data-elementor-id=\"1794\" class=\"elementor elementor-1794\">\n\t\t\t\t<div class=\"elementor-element elementor-element-9abdc6d e-flex e-con-boxed e-con e-parent\" data-id=\"9abdc6d\" data-element_type=\"container\" data-e-type=\"container\" data-settings=\"{&quot;background_background&quot;:&quot;classic&quot;}\">\n\t\t\t\t\t<div class=\"e-con-inner\">\n\t\t\t\t<div class=\"elementor-element elementor-element-32daa51 elementor-widget-divider--view-line elementor-widget elementor-widget-divider\" data-id=\"32daa51\" data-element_type=\"widget\" data-e-type=\"widget\" data-widget_type=\"divider.default\">\n\t\t\t\t<div class=\"elementor-widget-container\">\n\t\t\t\t\t\t\t<div class=\"elementor-divider\">\n\t\t\t<span class=\"elementor-divider-separator\">\n\t\t\t\t\t\t<\/span>\n\t\t<\/div>\n\t\t\t\t\t\t<\/div>\n\t\t\t\t<\/div>\n\t\t\t\t<div class=\"elementor-element elementor-element-6ca20e1 elementor-widget elementor-widget-heading\" data-id=\"6ca20e1\" data-element_type=\"widget\" data-e-type=\"widget\" data-widget_type=\"heading.default\">\n\t\t\t\t<div class=\"elementor-widget-container\">\n\t\t\t\t\t<h2 class=\"elementor-heading-title elementor-size-default\">Personvern<\/h2>\t\t\t\t<\/div>\n\t\t\t\t<\/div>\n\t\t\t\t\t<\/div>\n\t\t\t\t<\/div>\n\t\t<div class=\"elementor-element elementor-element-2b314abb e-flex e-con-boxed e-con e-parent\" data-id=\"2b314abb\" data-element_type=\"container\" data-e-type=\"container\">\n\t\t\t\t\t<div class=\"e-con-inner\">\n\t\t\t\t<div class=\"elementor-element elementor-element-1399329 elementor-widget elementor-widget-spacer\" data-id=\"1399329\" data-element_type=\"widget\" data-e-type=\"widget\" data-widget_type=\"spacer.default\">\n\t\t\t\t<div class=\"elementor-widget-container\">\n\t\t\t\t\t\t\t<div class=\"elementor-spacer\">\n\t\t\t<div class=\"elementor-spacer-inner\"><\/div>\n\t\t<\/div>\n\t\t\t\t\t\t<\/div>\n\t\t\t\t<\/div>\n\t\t\t\t<div class=\"elementor-element elementor-element-3443dfab elementor-widget elementor-widget-text-editor\" data-id=\"3443dfab\" data-element_type=\"widget\" data-e-type=\"widget\" data-widget_type=\"text-editor.default\">\n\t\t\t\t<div class=\"elementor-widget-container\">\n\t\t\t\t\t\t\t\t\t<header class=\"section-header\"><h2><span style=\"font-size: 14px; color: #7a7a7a; text-align: var(--text-align);\">Vi vil forsikre deg om at vi er forplikta til \u00e5 verne om personvernet til alle brukarane v\u00e5re. Vi vil sikre at informasjonen du gir oss blir halde privat og konfidensiell, og vi vil berre bruke den til \u00e5 tilby dei tenestene du ber om.<\/span><\/h2><\/header><div class=\"the-content\"><p>Fossen Camping, ved administrerande direkt\u00f8r, er den som har kontroll over dei personopplysningane vi handsamar.<\/p><p>Kontaktinformasjon<\/p><p>Adresse: Geirangervegen 262, 6216 Geiranger<br \/>Epost: office@fossencamping.no<br \/>Organisasjonsnummer: 932 986 248<\/p><h2>Informasjon du frivillig oppgir.<\/h2><p>N\u00e5r du fullf\u00f8rer ei booking, melder deg p\u00e5 nyhendebrevet v\u00e5rt, r\u00e5df\u00f8rer deg med kundeserviceteamet v\u00e5rt, sender oss ein e-post eller kommuniserer med oss p\u00e5 nokon m\u00e5te, gir du frivillig oss informasjon som vi samlar inn. Denne informasjonen kan inkludere namnet ditt, fysiske adresse, e-postadresse, IP-adresse, telefonnummer, kredittkortinformasjon, samt detaljar som kj\u00f8nn, stad, kj\u00f8pshistorikk og annan demografisk informasjon. Ved \u00e5 gi oss denne informasjonen samtykker du til at denne informasjonen blir samla inn, brukt, oppgitt, overf\u00f8rt eller lagra av hotellet eller v\u00e5re tredjepartsleverand\u00f8rar slik det er beskrive i denne personvernerkl\u00e6ringa. Av omsyn til personvernet ditt, samlar vi berre inn, brukar og beheld informasjon som er naudsynt for v\u00e5re legitime forretningsinteresser, som \u00e5 behandle bookingar og sp\u00f8rsm\u00e5l eller gi deg marknadsf\u00f8ringsmateriell.<\/p><h2>Informasjon vi automatisk samlar inn<\/h2><p>N\u00e5r du bes\u00f8ker nettsida eller utf\u00f8rer eit kj\u00f8p, kan vi automatisk samle inn informasjon om bes\u00f8ket ditt ved \u00e5 bruke informasjonskapslar (cookies). Denne informasjonen kan inkludere enheten din, nettlesar, IP-adresse, korleis du kom til nettsida eller korleis du interagerte med nettsida. Denne informasjonen kan bli brukt til \u00e5 overv\u00e5ke eller forbetre nettsideytelsen eller levere m\u00e5lretta annonser. Informasjonen fr\u00e5 informasjonskapselen aleine vil generelt ikkje identifisere deg personleg, og vi vil ikkje bruke denne informasjonen i samanheng med nokon personleg identifiserbar informasjon du har gitt. Du kan lese meir om dei spesifikke informasjonskapslane vi bruker p\u00e5:<\/p><h2>Cookie<\/h2><p>Ein informasjonskapsel (cookie) er ein liten datafil som visse nettsider skriv til harddisken p\u00e5 di(ne) eining(ar) n\u00e5r du bes\u00f8ker dei. Den einaste personlege informasjonen ein informasjonskapsel kan oppn\u00e5, er informasjon ein brukar sj\u00f8lv oppgir. Ein informasjonskapsel kan ikkje lese data fr\u00e5 harddisken p\u00e5 di(e) eining(ar) eller lese informasjonskapslar som er oppretta av andre nettsider. Informasjonskapslar kan likevel forbetre nettsideytelsen v\u00e5r p\u00e5 fleire m\u00e5tar, inkludert \u00e5 gi ein trygg m\u00e5te for oss \u00e5 bekrefte identiteten din under bes\u00f8ket ditt p\u00e5 nettsida v\u00e5r og tilpasse opplevinga di p\u00e5 nettsida v\u00e5r, og gj\u00f8re det meir praktisk for deg. Denne nettsida brukar informasjonskapslar slik at vi kan tene deg betre. Nettsida brukar bes\u00f8karoverv\u00e5kingsprogramvare som vil bruke informasjonskapslar for \u00e5 spore informasjon om korleis bes\u00f8kende kjem til nettsida, kva sider dei bes\u00f8ker, og andre handlingar som bes\u00f8kende utf\u00f8rer medan dei er p\u00e5 nettsida. Desse dataene blir deretter brukt for \u00e5 forbetre brukaropplevinga p\u00e5 nettsida. All brukarinformasjon som blir samla inn p\u00e5 denne m\u00e5ten, er anonym. Dersom du \u00f8nskjer det, kan du nekte informasjonskapslar ved \u00e5 deaktivere dei i nettlesarinnstillingane dine. Dei fleste nettlesarar er standardinnstilte til \u00e5 akseptere og oppretthalde informasjonskapslar, og du kan sette nettlesaren din til \u00e5 varsle deg n\u00e5r du mottar ein informasjonskapsel, og gi deg moglegheit til \u00e5 avgjere om du vil akseptere den eller ikkje. Vennligst sjekk brukarst\u00f8tten til nettlesaren din, som du kan finne p\u00e5 nettet, for meir informasjon.<\/p><h2>Informasjon vi deler med tredjepartsleverand\u00f8rar<\/h2><p>Me kan dele din personleg identifiserbare informasjon med tenesteleverand\u00f8rar, inkludert:<\/p><ul><li>Betalingsprosessorar for sikre transaksjonar med kredittkortbetaling.<\/li><li>Vertstenester<\/li><li>E-posttenesteleverand\u00f8rar for \u00e5 sende deg e-postar knytt til bookinga di. Desse leverand\u00f8rane kan sende e-postar av marknadsf\u00f8ringsart dersom du har samtykka til \u00e5 motta slike nyheitsbrev.<\/li><li>Reklamepartnarar som kan bruke e-postadresser, informasjonskapslar og andre sporingsteknologiar, slik som piksler og web-beacons, for \u00e5 samle informasjon om aktivitetane dine p\u00e5 nettsida v\u00e5r og andre sider, for \u00e5 gi deg m\u00e5lretta annonsering basert p\u00e5 nettlesingsaktivitetane og interessene dine.<\/li><li>V\u00e5re forretningspartnarar, leverand\u00f8rar og underleverand\u00f8rar, for gjennomf\u00f8ring av alle kontraktar vi inng\u00e5r med dei. Vi kan ogs\u00e5 dele dataene dine med analysetjenester og s\u00f8kemotortilbydarar som hjelper oss med forbetringa av nettsida v\u00e5r.<\/li><li>Legal authorities when we believe in good faith that we are lawfully authorized or required to do so or when necessary to do so to protect the rights and safety of Fossen Camping , employees and users from fraudulent, abusive, inappropriate or unlawful use of our services.<\/li><li>In connection with, or during negotiations of, any merger, sale of company assets, financing or acquisition, or in any other situation where personally identifiable information may be disclosed or transferred as one of the business assets of Fossen Camping.<\/li><li>Informasjon som er aggregert eller anonymisert og ikkje direkte identifiserer deg.<\/li><li>Vi inng\u00e5r avtalar med dei vi deler informasjon med, som begrensar tilgangen til bruk av informasjonen og fastsetter plikter for \u00e5 overholde gjeldande personvernreglar. Selskap som blir brukt inkluderer PcSupport AS, Sorentio AS, Booking.com og Book Visit.<\/li><\/ul><h2>Korleis vi beskyttar informasjonen din<\/h2><p>Vi tek fornuftige og passende tiltak for \u00e5 beskytte personleg informasjon mot tap, misbruk og uautorisert tilgang, avsl\u00f8ring, endring og \u00f8deleggelse, med omsyn til risikoen involvert i behandlinga og naturen til den personlege informasjonen. Nettsida v\u00e5r blir regelmessig skanna for sikkerhetshol og kjende s\u00e5rbarheiter for \u00e5 gjere bes\u00f8ket ditt p\u00e5 sida v\u00e5r s\u00e5 trygt som mogleg. Vi brukar regelmessig skanning for skadeleg programvare. Vi implementerer ulike sikkerhetstiltak n\u00e5r ein brukar gjer ein booking, oppgir, sender inn eller f\u00e5r tilgang til informasjonen sin for \u00e5 oppretthalde tryggleiken til den personlege informasjonen din.<\/p><p>Your personal information is contained behind secured networks and is only accessible by a limited number of persons who have special access rights to such systems, and are required to keep the information confidential. In addition, all sensitive\/credit card information you supply is encrypted via Secure Socket Layer (SSL) technology. All transactions are processed through a gateway provider and are not stored or processed on our servers. If a security breach causes an unauthorized intrusion into our system that materially affects you, then Fossen Camping will notify you as soon as possible and later report the action we took in response.<\/p><h2>Tilgang til personlig identifiserbar informasjon<\/h2><p>Du har rett til \u00e5 kreve retting av un\u00f8yaktige data, begrensning av behandling, dataportabilitet og sletting av personopplysninger.<\/p><p>Dersom du \u00f8nskjer \u00e5 bruke nokon av desse rettane, til d\u00f8mes om din personlig identifiserbare informasjon endrar seg eller du \u00f8nskjer at informasjonen din skal fjernast fr\u00e5 v\u00e5re registre, kan du oppdatere eller slette den ved \u00e5 sende ein e-post til <a href=\"mailto:office@fossencamping.no\">office@fossencamping.no<\/a>Vi vil gi deg tilgang til din personlig identifiserbare informasjon som vi har innen 30 dager etter en foresp\u00f8rsel om tilgang. Du kan sende en foresp\u00f8rsel til denne e-postadressen <a href=\"mailto:office@fossencamping.no\">office@fossencamping.no<\/a>Dersom du \u00f8nskjer \u00e5 slutte \u00e5 motta e-postnyhendebrev, klikk p\u00e5 avmeldingslenka i ein av nyhendebreva.<\/p><h2>Oppbevaring<\/h2><p>Vi vil oppbevare dine personopplysninger s\u00e5 lenge det anses n\u00f8dvendig for form\u00e5let med hvilket personopplysningene ble samlet inn. Dette betyr for eksempel at personopplysninger vi behandler p\u00e5 grunnlag av ditt samtykke vil bli slettet hvis du trekker tilbake samtykket ditt. Personopplysninger vi behandler for \u00e5 oppfylle en avtale med deg vil bli slettet n\u00e5r avtalen\/tjenesten er oppfylt og alle forpliktelser som f\u00f8lger av avtalen\/tjenesten er oppfylt.<\/p><p>Vennligst merk at vi ikke alltid kan slette historiske dataopptegnelser. For eksempel er vi p\u00e5lagt \u00e5 beholde visse poster av finansielle rapporterings- og samsvarsmessige \u00e5rsaker.<\/p><h2>Nettstader til tredjepart<\/h2><p>Eventuell informasjon, kommunikasjon eller materiale du sender til oss via ein sosial medieplattform blir gjort p\u00e5 eiga risiko utan forventning om personvern. Vi kan ikkje kontrollere handlingane til andre brukarar av desse plattformane eller handlingane til plattformane sj\u00f8lve. Dine interaksjonar med desse funksjonane og plattformane blir styrt av personvernpolicyane til selskapa som leverer dei. Nettsida v\u00e5r inkluderer lenkar til andre nettsider, som sine personvernspraksis kan vere ulike v\u00e5re. Dersom du sender personleg identifiserbar informasjon til nokon av desse sidene, blir informasjonen din styrt av deira personvernspraksis. Vi oppfordrar deg til \u00e5 lese personvernpolicyen til kvar nettside du bes\u00f8kjer n\u00f8ye.<\/p><h2>Klagar<\/h2><p>Dersom du meiner at personopplysningar blir handsama i strid med det som er beskrive her eller med personvernsreglane, har du rett til \u00e5 klage til eit tilsynsorgan.<\/p><p>For meir informasjon, bes\u00f8k nettstaden til den norske tilsynsmyndigheita (Datatilsynet): <a href=\"https:\/\/www.datatilsynet.no\/\">www.datatilsynet.no<\/a><\/p><h2>Endringar i personvernpolicyen<\/h2><p>Vi kan gjere endringar i denne personvernpolicyen, som trer i kraft n\u00e5r denne sida blir oppdatert. Vi anbefaler \u00e5 gjennomg\u00e5 denne personvernpolicyen slik at du er klar over eventuelle endringar som p\u00e5verkar kva du samtykkjer til ved \u00e5 samhandle med nettstaden, sende ei f\u00f8respurnad, gjere ei booking eller p\u00e5 anna m\u00e5te samhandle med Fossen Camping.<\/p><\/div>\t\t\t\t\t\t\t\t<\/div>\n\t\t\t\t<\/div>\n\t\t\t\t\t<\/div>\n\t\t\t\t<\/div>\n\t\t\t\t<\/div>","protected":false},"excerpt":{"rendered":"<p>Privacy policy We would like to assure you that we are committed to protecting the privacy of all our users. We will ensure that the information you provide us with is kept private and confidential, and we will only use it to provide the services you request. Fossen Camping by the CEO is the controller [&hellip;]<\/p>","protected":false},"author":1,"featured_media":0,"parent":0,"menu_order":0,"comment_status":"closed","ping_status":"closed","template":"","meta":{"ocean_post_layout":"","ocean_both_sidebars_style":"","ocean_both_sidebars_content_width":0,"ocean_both_sidebars_sidebars_width":0,"ocean_sidebar":"0","ocean_second_sidebar":"0","ocean_disable_margins":"on","ocean_add_body_class":"","ocean_shortcode_before_top_bar":"","ocean_shortcode_after_top_bar":"","ocean_shortcode_before_header":"","ocean_shortcode_after_header":"","ocean_has_shortcode":"","ocean_shortcode_after_title":"","ocean_shortcode_before_footer_widgets":"","ocean_shortcode_after_footer_widgets":"","ocean_shortcode_before_footer_bottom":"","ocean_shortcode_after_footer_bottom":"","ocean_display_top_bar":"off","ocean_display_header":"default","ocean_header_style":"","ocean_center_header_left_menu":"0","ocean_custom_header_template":"0","ocean_custom_logo":0,"ocean_custom_retina_logo":0,"ocean_custom_logo_max_width":0,"ocean_custom_logo_tablet_max_width":0,"ocean_custom_logo_mobile_max_width":0,"ocean_custom_logo_max_height":0,"ocean_custom_logo_tablet_max_height":0,"ocean_custom_logo_mobile_max_height":0,"ocean_header_custom_menu":"0","ocean_menu_typo_font_family":"0","ocean_menu_typo_font_subset":"","ocean_menu_typo_font_size":0,"ocean_menu_typo_font_size_tablet":0,"ocean_menu_typo_font_size_mobile":0,"ocean_menu_typo_font_size_unit":"px","ocean_menu_typo_font_weight":"","ocean_menu_typo_font_weight_tablet":"","ocean_menu_typo_font_weight_mobile":"","ocean_menu_typo_transform":"","ocean_menu_typo_transform_tablet":"","ocean_menu_typo_transform_mobile":"","ocean_menu_typo_line_height":0,"ocean_menu_typo_line_height_tablet":0,"ocean_menu_typo_line_height_mobile":0,"ocean_menu_typo_line_height_unit":"","ocean_menu_typo_spacing":0,"ocean_menu_typo_spacing_tablet":0,"ocean_menu_typo_spacing_mobile":0,"ocean_menu_typo_spacing_unit":"","ocean_menu_link_color":"","ocean_menu_link_color_hover":"","ocean_menu_link_color_active":"","ocean_menu_link_background":"","ocean_menu_link_hover_background":"","ocean_menu_link_active_background":"","ocean_menu_social_links_bg":"","ocean_menu_social_hover_links_bg":"","ocean_menu_social_links_color":"","ocean_menu_social_hover_links_color":"","ocean_disable_title":"on","ocean_disable_heading":"default","ocean_post_title":"","ocean_post_subheading":"","ocean_post_title_style":"","ocean_post_title_background_color":"","ocean_post_title_background":0,"ocean_post_title_bg_image_position":"","ocean_post_title_bg_image_attachment":"","ocean_post_title_bg_image_repeat":"","ocean_post_title_bg_image_size":"","ocean_post_title_height":0,"ocean_post_title_bg_overlay":0.5,"ocean_post_title_bg_overlay_color":"","ocean_disable_breadcrumbs":"default","ocean_breadcrumbs_color":"","ocean_breadcrumbs_separator_color":"","ocean_breadcrumbs_links_color":"","ocean_breadcrumbs_links_hover_color":"","ocean_display_footer_widgets":"default","ocean_display_footer_bottom":"default","ocean_custom_footer_template":"0","footnotes":""},"class_list":["post-1794","page","type-page","status-publish","hentry","entry"],"_links":{"self":[{"href":"https:\/\/fossencamping.no\/nb\/wp-json\/wp\/v2\/pages\/1794","targetHints":{"allow":["GET"]}}],"collection":[{"href":"https:\/\/fossencamping.no\/nb\/wp-json\/wp\/v2\/pages"}],"about":[{"href":"https:\/\/fossencamping.no\/nb\/wp-json\/wp\/v2\/types\/page"}],"author":[{"embeddable":true,"href":"https:\/\/fossencamping.no\/nb\/wp-json\/wp\/v2\/users\/1"}],"replies":[{"embeddable":true,"href":"https:\/\/fossencamping.no\/nb\/wp-json\/wp\/v2\/comments?post=1794"}],"version-history":[{"count":40,"href":"https:\/\/fossencamping.no\/nb\/wp-json\/wp\/v2\/pages\/1794\/revisions"}],"predecessor-version":[{"id":2123,"href":"https:\/\/fossencamping.no\/nb\/wp-json\/wp\/v2\/pages\/1794\/revisions\/2123"}],"wp:attachment":[{"href":"https:\/\/fossencamping.no\/nb\/wp-json\/wp\/v2\/media?parent=1794"}],"curies":[{"name":"wp","href":"https:\/\/api.w.org\/{rel}","templated":true}]}}